{"id":4024,"date":"2024-08-15T13:55:57","date_gmt":"2024-08-15T11:55:57","guid":{"rendered":"https:\/\/nailmist.com\/?post_type=product&#038;p=4024"},"modified":"2025-11-27T16:01:52","modified_gmt":"2025-11-27T15:01:52","slug":"nail-mist-set-sweety-fruit-pepper-fresia-ambra-floreal-en-fiori-darancio-2","status":"publish","type":"product","link":"https:\/\/nailmist.com\/fr\/assortiment\/nail-mist-set-sweety-fruit-pepper-fresia-ambra-floreal-en-fiori-darancio-2\/","title":{"rendered":"Pr\u00e9sentoir Nail Mist 2- 259,95 \u20ac HT <span>Sweety Fruit, Pepper, Fresia, Ambra, Floreal en Fiori D&rsquo;Arancio<\/span>"},"content":{"rendered":"","protected":false},"excerpt":{"rendered":"<p>Vous voulez essayer diff\u00e9rentes fragrances Nail Mist ? Ce lot avantageux vous en propose 6 !<\/p>\n<p>Contenance : 6x 35 ml.<\/p>\n<p>Vaporisez la quantit\u00e9 d\u00e9sir\u00e9e sur les mains et les ongles \u00e0 une distance de 30 cm. Essayez \u00e9galement sur les v\u00eatements, \u00e0 l&rsquo;int\u00e9rieur des poignets sans frotter et\/ou sur le cou (si vous frottez, la peau se r\u00e9chauffe et acc\u00e9l\u00e8re l&rsquo;\u00e9vaporation). Utilisez 4 ou 5 vaporisations au total r\u00e9parties sur les poignets, les v\u00eatements et\/ou le cou.<\/p>\n","protected":false},"featured_media":4360,"template":"","meta":[],"product_brand":[],"product_cat":[80],"product_tag":[],"class_list":{"0":"post-4024","1":"product","2":"type-product","3":"status-publish","4":"has-post-thumbnail","6":"product_cat-nail-mist-fr","8":"first","9":"instock","10":"sale","11":"taxable","12":"shipping-taxable","13":"purchasable","14":"product-type-simple"},"_links":{"self":[{"href":"https:\/\/nailmist.com\/fr\/wp-json\/wp\/v2\/product\/4024","targetHints":{"allow":["GET"]}}],"collection":[{"href":"https:\/\/nailmist.com\/fr\/wp-json\/wp\/v2\/product"}],"about":[{"href":"https:\/\/nailmist.com\/fr\/wp-json\/wp\/v2\/types\/product"}],"wp:featuredmedia":[{"embeddable":true,"href":"https:\/\/nailmist.com\/fr\/wp-json\/wp\/v2\/media\/4360"}],"wp:attachment":[{"href":"https:\/\/nailmist.com\/fr\/wp-json\/wp\/v2\/media?parent=4024"}],"wp:term":[{"taxonomy":"product_brand","embeddable":true,"href":"https:\/\/nailmist.com\/fr\/wp-json\/wp\/v2\/product_brand?post=4024"},{"taxonomy":"product_cat","embeddable":true,"href":"https:\/\/nailmist.com\/fr\/wp-json\/wp\/v2\/product_cat?post=4024"},{"taxonomy":"product_tag","embeddable":true,"href":"https:\/\/nailmist.com\/fr\/wp-json\/wp\/v2\/product_tag?post=4024"}],"curies":[{"name":"wp","href":"https:\/\/api.w.org\/{rel}","templated":true}]}}