{"id":3807,"date":"2023-12-19T20:53:03","date_gmt":"2023-12-19T19:53:03","guid":{"rendered":"https:\/\/nailmist.com\/assortiment\/nail-mist-set-sweety-fruit-pepper-fresia-ambra-floreal-en-fiori-darancio\/"},"modified":"2025-11-27T16:04:19","modified_gmt":"2025-11-27T15:04:19","slug":"nail-mist-set-sweety-fruit-pepper-fresia-ambra-floreal-en-fiori-darancio","status":"publish","type":"product","link":"https:\/\/nailmist.com\/fr\/assortiment\/nail-mist-set-sweety-fruit-pepper-fresia-ambra-floreal-en-fiori-darancio\/","title":{"rendered":"Nail Mist Set- Offre Salon <span>Sweety Fruit, Pepper, Fresia, Ambra, Floreal en Fiori D&rsquo;Arancio<\/span>"},"content":{"rendered":"","protected":false},"excerpt":{"rendered":"<p>Vous voulez essayer diff\u00e9rentes fragrances Nail Mist ? Ce lot avantageux vous en propose 6 !<\/p>\n<p>Contenance : 6x 35 ml.<\/p>\n<p>Vaporisez la quantit\u00e9 d\u00e9sir\u00e9e sur les mains et les ongles \u00e0 une distance de 30 cm. Essayez \u00e9galement sur les v\u00eatements, \u00e0 l&rsquo;int\u00e9rieur des poignets sans frotter et\/ou sur le cou (si vous frottez, la peau se r\u00e9chauffe et acc\u00e9l\u00e8re l&rsquo;\u00e9vaporation). Utilisez 4 ou 5 vaporisations au total r\u00e9parties sur les poignets, les v\u00eatements et\/ou le cou.<\/p>\n","protected":false},"featured_media":3750,"template":"","meta":[],"product_brand":[],"product_cat":[80],"product_tag":[],"class_list":{"0":"post-3807","1":"product","2":"type-product","3":"status-publish","4":"has-post-thumbnail","6":"product_cat-nail-mist-fr","8":"first","9":"onbackorder","10":"sale","11":"taxable","12":"shipping-taxable","13":"purchasable","14":"product-type-simple"},"_links":{"self":[{"href":"https:\/\/nailmist.com\/fr\/wp-json\/wp\/v2\/product\/3807","targetHints":{"allow":["GET"]}}],"collection":[{"href":"https:\/\/nailmist.com\/fr\/wp-json\/wp\/v2\/product"}],"about":[{"href":"https:\/\/nailmist.com\/fr\/wp-json\/wp\/v2\/types\/product"}],"wp:featuredmedia":[{"embeddable":true,"href":"https:\/\/nailmist.com\/fr\/wp-json\/wp\/v2\/media\/3750"}],"wp:attachment":[{"href":"https:\/\/nailmist.com\/fr\/wp-json\/wp\/v2\/media?parent=3807"}],"wp:term":[{"taxonomy":"product_brand","embeddable":true,"href":"https:\/\/nailmist.com\/fr\/wp-json\/wp\/v2\/product_brand?post=3807"},{"taxonomy":"product_cat","embeddable":true,"href":"https:\/\/nailmist.com\/fr\/wp-json\/wp\/v2\/product_cat?post=3807"},{"taxonomy":"product_tag","embeddable":true,"href":"https:\/\/nailmist.com\/fr\/wp-json\/wp\/v2\/product_tag?post=3807"}],"curies":[{"name":"wp","href":"https:\/\/api.w.org\/{rel}","templated":true}]}}