{"id":3803,"date":"2023-06-15T11:04:11","date_gmt":"2023-06-15T09:04:11","guid":{"rendered":"https:\/\/nailmist.com\/assortiment\/nail-mist-fiori-darancio\/"},"modified":"2024-10-22T10:15:50","modified_gmt":"2024-10-22T08:15:50","slug":"nail-mist-fiori-darancio","status":"publish","type":"product","link":"https:\/\/nailmist.com\/fr\/assortiment\/nail-mist-fiori-darancio\/","title":{"rendered":"Nail Mist &#8211; <span>Fiori D&rsquo;Arancio<\/span>"},"content":{"rendered":"","protected":false},"excerpt":{"rendered":"<p>Notes de t\u00eate : fleur d&rsquo;oranger<br \/>\nNotes de c\u0153ur : patchouli, jasmin<br \/>\nNotes de fond : c\u00e8dre, miel<\/p>\n<p>Contenance : 35 ml.<\/p>\n<p>Vaporisez la quantit\u00e9 d\u00e9sir\u00e9e sur les mains et les ongles \u00e0 une distance de 30 cm. Essayez \u00e9galement sur les v\u00eatements, \u00e0 l&rsquo;int\u00e9rieur des poignets sans frotter et\/ou sur le cou (si vous frottez, la peau se r\u00e9chauffe et acc\u00e9l\u00e8re l&rsquo;\u00e9vaporation). Utilisez 4 ou 5 vaporisations au total r\u00e9parties sur les poignets, les v\u00eatements et\/ou le cou.<\/p>\n","protected":false},"featured_media":3746,"template":"","meta":[],"product_brand":[],"product_cat":[80],"product_tag":[],"class_list":{"0":"post-3803","1":"product","2":"type-product","3":"status-publish","4":"has-post-thumbnail","6":"product_cat-nail-mist-fr","8":"first","9":"instock","10":"featured","11":"taxable","12":"shipping-taxable","13":"purchasable","14":"product-type-simple"},"_links":{"self":[{"href":"https:\/\/nailmist.com\/fr\/wp-json\/wp\/v2\/product\/3803","targetHints":{"allow":["GET"]}}],"collection":[{"href":"https:\/\/nailmist.com\/fr\/wp-json\/wp\/v2\/product"}],"about":[{"href":"https:\/\/nailmist.com\/fr\/wp-json\/wp\/v2\/types\/product"}],"wp:featuredmedia":[{"embeddable":true,"href":"https:\/\/nailmist.com\/fr\/wp-json\/wp\/v2\/media\/3746"}],"wp:attachment":[{"href":"https:\/\/nailmist.com\/fr\/wp-json\/wp\/v2\/media?parent=3803"}],"wp:term":[{"taxonomy":"product_brand","embeddable":true,"href":"https:\/\/nailmist.com\/fr\/wp-json\/wp\/v2\/product_brand?post=3803"},{"taxonomy":"product_cat","embeddable":true,"href":"https:\/\/nailmist.com\/fr\/wp-json\/wp\/v2\/product_cat?post=3803"},{"taxonomy":"product_tag","embeddable":true,"href":"https:\/\/nailmist.com\/fr\/wp-json\/wp\/v2\/product_tag?post=3803"}],"curies":[{"name":"wp","href":"https:\/\/api.w.org\/{rel}","templated":true}]}}