{"id":3770,"date":"2017-01-10T21:58:42","date_gmt":"2017-01-10T20:58:42","guid":{"rendered":"https:\/\/nailmist.com\/over-nail-mist\/"},"modified":"2024-03-16T19:43:20","modified_gmt":"2024-03-16T18:43:20","slug":"a-propos-de-nail-mist","status":"publish","type":"page","link":"https:\/\/nailmist.com\/fr\/a-propos-de-nail-mist\/","title":{"rendered":"\u00c0 propos de Nail Mist"},"content":{"rendered":"<div class=\"wpb-content-wrapper\"><p>[vc_row css=\u00a0\u00bb.vc_custom_1484860147894{margin-bottom: 75px !important;}\u00a0\u00bb][vc_column][vc_column_text]<\/p>\n<h6>\u00c0 propos de<\/h6>\n<h1>Nail Mist<\/h1>\n<p>[\/vc_column_text][\/vc_column][\/vc_row][vc_row css=\u00a0\u00bb.vc_custom_1484860735616{margin-bottom: 75px !important;}\u00a0\u00bb][vc_column width=\u00a0\u00bb2\/3&Prime;][vc_column_text]Nail Mist est le tout premier parfum pour les mains et les ongles, disponible en 12 parfums unisexes : Talc, Argan, Leather, Neroli &amp; Rose, Magnolia, Ylang Ylang, Sweety Fruit, Floreal, Ambra, Fresia, Pepper, Fiori D\u2019Arancio.<\/p>\n<p>Avec ses fragrances enivrantes, sa composition nourrissante et son emballage innovant (qui rentre parfaitement dans votre sac !), Nail Mist offre \u00e0 vos mains et \u00e0 vos ongles tout ce dont ils ont besoin.<\/p>\n<p>Tous les parfums Nail Mist sont enrichis en k\u00e9ratine, en panth\u00e9nol et en extrait de bambou. La k\u00e9ratine est la substance \u00e0 partir de laquelle les ongles sont compos\u00e9s, une prot\u00e9ine fibreuse compos\u00e9e d&rsquo;acides amin\u00e9s, de vitamines et d&rsquo;oligo-\u00e9l\u00e9ments, qui renforcent, prot\u00e8gent et r\u00e9parent les parties ab\u00eem\u00e9es, squameuses et affaiblies.<\/p>\n<p>Le panth\u00e9nol am\u00e9liore la fonction barri\u00e8re de la peau, stimule son \u00e9lasticit\u00e9 et favorise la formation de nouvelles cellules saines.<\/p>\n<p>L&rsquo;extrait de bambou est un agent adoucissant qui apaise et lisse la peau.[\/vc_column_text][\/vc_column][vc_column width=\u00a0\u00bb1\/6&Prime;][\/vc_column][vc_column width=\u00a0\u00bb1\/6&Prime;][\/vc_column][\/vc_row][vc_row full_width=\u00a0\u00bbstretch_row_content\u00a0\u00bb content_placement=\u00a0\u00bbmiddle\u00a0\u00bb css=\u00a0\u00bb.vc_custom_1484860742309{margin-bottom: 75px !important;}\u00a0\u00bb][vc_column width=\u00a0\u00bb1\/2&Prime;][vc_single_image image=\u00a0\u00bb3069&Prime; img_size=\u00a0\u00bbfull\u00a0\u00bb alignment=\u00a0\u00bbright\u00a0\u00bb][\/vc_column][vc_column width=\u00a0\u00bb1\/2&Prime;][vc_single_image image=\u00a0\u00bb3068&Prime; img_size=\u00a0\u00bbfull\u00a0\u00bb][\/vc_column][\/vc_row][vc_row css=\u00a0\u00bb.vc_custom_1484860735616{margin-bottom: 75px !important;}\u00a0\u00bb][vc_column width=\u00a0\u00bb2\/3&Prime;][vc_column_text]<strong>Notes olfactives<\/strong><br \/>\nLes notes olfactives d\u00e9finissent l&rsquo;identit\u00e9 du parfum. Elles sont r\u00e9parties en 3 niveaux de la pyramide olfactive et illustrent la mani\u00e8re dont le parfum \u00e9volue dans le temps, des fragrances per\u00e7ues lors de la premi\u00e8re pulv\u00e9risation jusqu&rsquo;\u00e0 24 heures plus tard.<br \/>\nLes notes ne correspondent pas aux ingr\u00e9dients, car elles font r\u00e9f\u00e9rence aux aspects olfactifs per\u00e7us.<\/p>\n<p>Les notes de t\u00eate sont des essences l\u00e9g\u00e8res et volatiles. Elles attirent l&rsquo;attention et stimulent les sens, aidant ainsi \u00e0 cr\u00e9er la premi\u00e8re impression du parfum.<\/p>\n<p>Les notes de c\u0153ur sont des essences enveloppantes et sensuelles, qui \u00e9veillent des sensations profondes au niveau \u00e9motionnel et ont une bonne persistance. Ces notes sont principalement ressenties entre 5 et 20 minutes apr\u00e8s la premi\u00e8re vaporisation.<\/p>\n<p>Les notes de fond sont des essences chaudes qui r\u00e9v\u00e8lent la \u00ab personnalit\u00e9 du parfum \u00bb.<\/p>\n<p>Elles ne sont pas imm\u00e9diatement ressenties et peuvent persister jusqu&rsquo;\u00e0 24 heures apr\u00e8s la premi\u00e8re pulv\u00e9risation.[\/vc_column_text][\/vc_column][vc_column width=\u00a0\u00bb1\/6&Prime;][\/vc_column][vc_column width=\u00a0\u00bb1\/6&Prime;][\/vc_column][\/vc_row][vc_row css=\u00a0\u00bb.vc_custom_1484860748294{margin-bottom: 75px !important;}\u00a0\u00bb][vc_column][vc_single_image image=\u00a0\u00bb3067&Prime; img_size=\u00a0\u00bbfull\u00a0\u00bb alignment=\u00a0\u00bbcenter\u00a0\u00bb][\/vc_column][\/vc_row]<\/p>\n<\/div>","protected":false},"excerpt":{"rendered":"<p>[vc_row css=\u00a0\u00bb.vc_custom_1484860147894{margin-bottom: 75px !important;}\u00a0\u00bb][vc_column][vc_column_text] \u00c0 propos de Nail Mist [\/vc_column_text][\/vc_column][\/vc_row][vc_row css=\u00a0\u00bb.vc_custom_1484860735616{margin-bottom: 75px !important;}\u00a0\u00bb][vc_column width=\u00a0\u00bb2\/3&Prime;][vc_column_text]Nail Mist est le tout premier parfum pour les mains et les ongles, disponible en 12 parfums unisexes : Talc, Argan, Leather, Neroli &amp; Rose, Magnolia, Ylang Ylang, Sweety Fruit, Floreal, Ambra, Fresia, Pepper, Fiori D\u2019Arancio. Avec ses fragrances enivrantes, sa composition [&hellip;]<\/p>\n","protected":false},"author":1,"featured_media":0,"parent":0,"menu_order":22,"comment_status":"closed","ping_status":"closed","template":"page-boxed.php","meta":{"footnotes":""},"class_list":["post-3770","page","type-page","status-publish","hentry"],"_links":{"self":[{"href":"https:\/\/nailmist.com\/fr\/wp-json\/wp\/v2\/pages\/3770","targetHints":{"allow":["GET"]}}],"collection":[{"href":"https:\/\/nailmist.com\/fr\/wp-json\/wp\/v2\/pages"}],"about":[{"href":"https:\/\/nailmist.com\/fr\/wp-json\/wp\/v2\/types\/page"}],"author":[{"embeddable":true,"href":"https:\/\/nailmist.com\/fr\/wp-json\/wp\/v2\/users\/1"}],"replies":[{"embeddable":true,"href":"https:\/\/nailmist.com\/fr\/wp-json\/wp\/v2\/comments?post=3770"}],"version-history":[{"count":0,"href":"https:\/\/nailmist.com\/fr\/wp-json\/wp\/v2\/pages\/3770\/revisions"}],"wp:attachment":[{"href":"https:\/\/nailmist.com\/fr\/wp-json\/wp\/v2\/media?parent=3770"}],"curies":[{"name":"wp","href":"https:\/\/api.w.org\/{rel}","templated":true}]}}