{"id":3769,"date":"2017-01-10T14:44:03","date_gmt":"2017-01-10T13:44:03","guid":{"rendered":"https:\/\/nailmist.com\/levertijd-en-verzendkosten\/"},"modified":"2024-03-16T19:47:34","modified_gmt":"2024-03-16T18:47:34","slug":"delais-de-livraison-et-frais-dexpedition","status":"publish","type":"page","link":"https:\/\/nailmist.com\/fr\/delais-de-livraison-et-frais-dexpedition\/","title":{"rendered":"D\u00e9lais de livraison et frais d&rsquo;exp\u00e9dition"},"content":{"rendered":"<div class=\"wpb-content-wrapper\"><p>[vc_row type=\u00a0\u00bbboxed\u00a0\u00bb background_style=\u00a0\u00bbnormal\u00a0\u00bb css=\u00a0\u00bb.vc_custom_1487365316112{margin-top: 75px !important;padding-right: 50px !important;padding-left: 50px !important;}\u00a0\u00bb][vc_column][vc_row_inner css=\u00a0\u00bb.vc_custom_1410358939666{margin-bottom: 20px !important;}\u00a0\u00bb][vc_column_inner css=\u00a0\u00bb.vc_custom_1443415906747{padding-right: 5% !important;padding-left: 10px !important;}\u00a0\u00bb][vc_column_text]<\/p>\n<h1>D\u00e9lais de livraison et frais d&rsquo;exp\u00e9dition<\/h1>\n<p>Les commandes pass\u00e9es les jours ouvrables avant 15 h 30 sont exp\u00e9di\u00e9es le jour m\u00eame.<\/p>\n<p><strong>Frais d&rsquo;exp\u00e9dition<\/strong><br \/>\nPays-Bas : gratuit<br \/>\nBelgique : gratuit[\/vc_column_text][vc_column_text]<strong>Livraison<\/strong><br \/>\nNous mettons tout en \u0153uvre pour livrer votre commande dans un d\u00e9lai de 1 \u00e0 3 jours ouvrables. Votre commande est soigneusement emball\u00e9e et exp\u00e9di\u00e9e par nos soins avec PostNL ou DHL d\u00e8s r\u00e9ception du paiement. Veuillez noter que les livraisons peuvent \u00eatre retard\u00e9es en raison de l&rsquo;affluence chez PostNL et DHL. Les commandes sont, si possible, exp\u00e9di\u00e9es en tant que courrier standard.[\/vc_column_text][\/vc_column_inner][\/vc_row_inner][\/vc_column][\/vc_row]<\/p>\n<\/div>","protected":false},"excerpt":{"rendered":"<p>[vc_row type=\u00a0\u00bbboxed\u00a0\u00bb background_style=\u00a0\u00bbnormal\u00a0\u00bb css=\u00a0\u00bb.vc_custom_1487365316112{margin-top: 75px !important;padding-right: 50px !important;padding-left: 50px !important;}\u00a0\u00bb][vc_column][vc_row_inner css=\u00a0\u00bb.vc_custom_1410358939666{margin-bottom: 20px !important;}\u00a0\u00bb][vc_column_inner css=\u00a0\u00bb.vc_custom_1443415906747{padding-right: 5% !important;padding-left: 10px !important;}\u00a0\u00bb][vc_column_text] D\u00e9lais de livraison et frais d&rsquo;exp\u00e9dition Les commandes pass\u00e9es les jours ouvrables avant 15 h 30 sont exp\u00e9di\u00e9es le jour m\u00eame. Frais d&rsquo;exp\u00e9dition Pays-Bas : gratuit Belgique : gratuit[\/vc_column_text][vc_column_text]Livraison Nous mettons tout en \u0153uvre pour livrer votre [&hellip;]<\/p>\n","protected":false},"author":1,"featured_media":0,"parent":0,"menu_order":29,"comment_status":"closed","ping_status":"closed","template":"page-boxed.php","meta":{"footnotes":""},"class_list":["post-3769","page","type-page","status-publish","hentry"],"_links":{"self":[{"href":"https:\/\/nailmist.com\/fr\/wp-json\/wp\/v2\/pages\/3769","targetHints":{"allow":["GET"]}}],"collection":[{"href":"https:\/\/nailmist.com\/fr\/wp-json\/wp\/v2\/pages"}],"about":[{"href":"https:\/\/nailmist.com\/fr\/wp-json\/wp\/v2\/types\/page"}],"author":[{"embeddable":true,"href":"https:\/\/nailmist.com\/fr\/wp-json\/wp\/v2\/users\/1"}],"replies":[{"embeddable":true,"href":"https:\/\/nailmist.com\/fr\/wp-json\/wp\/v2\/comments?post=3769"}],"version-history":[{"count":0,"href":"https:\/\/nailmist.com\/fr\/wp-json\/wp\/v2\/pages\/3769\/revisions"}],"wp:attachment":[{"href":"https:\/\/nailmist.com\/fr\/wp-json\/wp\/v2\/media?parent=3769"}],"curies":[{"name":"wp","href":"https:\/\/api.w.org\/{rel}","templated":true}]}}