{"id":3765,"date":"2023-11-02T14:58:56","date_gmt":"2023-11-02T13:58:56","guid":{"rendered":"https:\/\/nailmist.com\/ruilen-en-retourneren\/"},"modified":"2024-03-16T19:48:46","modified_gmt":"2024-03-16T18:48:46","slug":"echange-et-retour","status":"publish","type":"page","link":"https:\/\/nailmist.com\/fr\/echange-et-retour\/","title":{"rendered":"\u00c9change et retour"},"content":{"rendered":"<div class=\"wpb-content-wrapper\"><p>[vc_row type=\u00a0\u00bbboxed\u00a0\u00bb background_style=\u00a0\u00bbnormal\u00a0\u00bb css=\u00a0\u00bb.vc_custom_1487365316112{margin-top: 75px !important;padding-right: 50px !important;padding-left: 50px !important;}\u00a0\u00bb][vc_column][vc_row_inner css=\u00a0\u00bb.vc_custom_1410358939666{margin-bottom: 20px !important;}\u00a0\u00bb][vc_column_inner css=\u00a0\u00bb.vc_custom_1443415906747{padding-right: 5% !important;padding-left: 10px !important;}\u00a0\u00bb][vc_column_text]<\/p>\n<h1>\u00c9change et retour<\/h1>\n<p>Les commandes peuvent \u00eatre retourn\u00e9es jusqu&rsquo;\u00e0 14 jours apr\u00e8s r\u00e9ception sans avoir \u00e0 fournir de raison. Nous rembourserons ensuite le montant de la commande d\u00fb dans les 14 jours suivant la notification de votre retour, \u00e0 condition que le produit n&rsquo;ait pas \u00e9t\u00e9 utilis\u00e9 et qu&rsquo;il soit dans son emballage d&rsquo;origine.<\/p>\n<p><strong>Vous pouvez retourner votre commande \u00e0 <\/strong><br \/>\nNail Mist<br \/>\nMeester Cornelisstraat 26<br \/>\n2023 DH Haarlem<br \/>\nLes Pays-Bas[\/vc_column_text][\/vc_column_inner][\/vc_row_inner][\/vc_column][\/vc_row]<\/p>\n<\/div>","protected":false},"excerpt":{"rendered":"<p>[vc_row type=\u00a0\u00bbboxed\u00a0\u00bb background_style=\u00a0\u00bbnormal\u00a0\u00bb css=\u00a0\u00bb.vc_custom_1487365316112{margin-top: 75px !important;padding-right: 50px !important;padding-left: 50px !important;}\u00a0\u00bb][vc_column][vc_row_inner css=\u00a0\u00bb.vc_custom_1410358939666{margin-bottom: 20px !important;}\u00a0\u00bb][vc_column_inner css=\u00a0\u00bb.vc_custom_1443415906747{padding-right: 5% !important;padding-left: 10px !important;}\u00a0\u00bb][vc_column_text] \u00c9change et retour Les commandes peuvent \u00eatre retourn\u00e9es jusqu&rsquo;\u00e0 14 jours apr\u00e8s r\u00e9ception sans avoir \u00e0 fournir de raison. Nous rembourserons ensuite le montant de la commande d\u00fb dans les 14 jours suivant la notification de votre [&hellip;]<\/p>\n","protected":false},"author":1,"featured_media":0,"parent":0,"menu_order":34,"comment_status":"closed","ping_status":"closed","template":"page-boxed.php","meta":{"footnotes":""},"class_list":["post-3765","page","type-page","status-publish","hentry"],"_links":{"self":[{"href":"https:\/\/nailmist.com\/fr\/wp-json\/wp\/v2\/pages\/3765","targetHints":{"allow":["GET"]}}],"collection":[{"href":"https:\/\/nailmist.com\/fr\/wp-json\/wp\/v2\/pages"}],"about":[{"href":"https:\/\/nailmist.com\/fr\/wp-json\/wp\/v2\/types\/page"}],"author":[{"embeddable":true,"href":"https:\/\/nailmist.com\/fr\/wp-json\/wp\/v2\/users\/1"}],"replies":[{"embeddable":true,"href":"https:\/\/nailmist.com\/fr\/wp-json\/wp\/v2\/comments?post=3765"}],"version-history":[{"count":0,"href":"https:\/\/nailmist.com\/fr\/wp-json\/wp\/v2\/pages\/3765\/revisions"}],"wp:attachment":[{"href":"https:\/\/nailmist.com\/fr\/wp-json\/wp\/v2\/media?parent=3765"}],"curies":[{"name":"wp","href":"https:\/\/api.w.org\/{rel}","templated":true}]}}