{"id":4318,"date":"2024-10-25T13:52:19","date_gmt":"2024-10-25T11:52:19","guid":{"rendered":"https:\/\/nailmist.com\/?post_type=product&#038;p=4318"},"modified":"2025-03-27T22:58:11","modified_gmt":"2025-03-27T21:58:11","slug":"nail-mist-set-argan-leather-magnolia-neroli-rose-talc-en-ylang-ylang-kopie","status":"publish","type":"product","link":"https:\/\/nailmist.com\/de\/assortiment\/nail-mist-set-argan-leather-magnolia-neroli-rose-talc-en-ylang-ylang-kopie\/","title":{"rendered":"Nail Mist Probierset Messeangebot &#8211;<span>3 D\u00fcfte nach Wahl<\/span>"},"content":{"rendered":"","protected":false},"excerpt":{"rendered":"<p>M\u00f6chten Sie verschiedene D\u00fcfte von Nail Mist ausprobieren, bevor Sie ein komplettes Display kaufen? Dieses Probierset enth\u00e4lt drei D\u00fcfte Ihrer Wahl!<\/p>\n<p>Inhalt: 3x 35 ml<\/p>\n<p>Bitte geben Sie bei den Anmerkungen die 3 D\u00fcfte an, die Sie testen m\u00f6chten!<\/p>\n<p>Spr\u00fchen Sie die gew\u00fcnschte Menge auf H\u00e4nde und N\u00e4gel aus einer Entfernung von 30 cm. Probieren Sie es auch auf Kleidung, auf die Innenseite des Handgelenks, ohne zu reiben, und\/oder auf den Hals (beim Reiben wird die Haut erw\u00e4rmt, was die Verdampfung beschleunigt). Verwenden Sie insgesamt 4 oder 5 Spr\u00fchst\u00f6\u00dfe, verteilt auf Handgelenke, Kleidung und\/oder Hals.<\/p>\n<p>&nbsp;<\/p>\n","protected":false},"featured_media":4342,"template":"","meta":[],"product_brand":[],"product_cat":[94],"product_tag":[],"class_list":{"0":"post-4318","1":"product","2":"type-product","3":"status-publish","4":"has-post-thumbnail","6":"product_cat-nail-mist-de","8":"first","9":"instock","10":"sale","11":"taxable","12":"shipping-taxable","13":"purchasable","14":"product-type-simple"},"_links":{"self":[{"href":"https:\/\/nailmist.com\/de\/wp-json\/wp\/v2\/product\/4318","targetHints":{"allow":["GET"]}}],"collection":[{"href":"https:\/\/nailmist.com\/de\/wp-json\/wp\/v2\/product"}],"about":[{"href":"https:\/\/nailmist.com\/de\/wp-json\/wp\/v2\/types\/product"}],"wp:featuredmedia":[{"embeddable":true,"href":"https:\/\/nailmist.com\/de\/wp-json\/wp\/v2\/media\/4342"}],"wp:attachment":[{"href":"https:\/\/nailmist.com\/de\/wp-json\/wp\/v2\/media?parent=4318"}],"wp:term":[{"taxonomy":"product_brand","embeddable":true,"href":"https:\/\/nailmist.com\/de\/wp-json\/wp\/v2\/product_brand?post=4318"},{"taxonomy":"product_cat","embeddable":true,"href":"https:\/\/nailmist.com\/de\/wp-json\/wp\/v2\/product_cat?post=4318"},{"taxonomy":"product_tag","embeddable":true,"href":"https:\/\/nailmist.com\/de\/wp-json\/wp\/v2\/product_tag?post=4318"}],"curies":[{"name":"wp","href":"https:\/\/api.w.org\/{rel}","templated":true}]}}