{"id":4253,"date":"2024-08-15T13:51:05","date_gmt":"2024-08-15T11:51:05","guid":{"rendered":"https:\/\/nailmist.com\/assortiment\/nail-mist-display-1-e-25995-excl-btw-argan-leather-magnolia-neroli-rose-talc-en-ylang-ylang\/"},"modified":"2026-04-07T16:37:46","modified_gmt":"2026-04-07T14:37:46","slug":"nail-mist-display-1-e-25995-excl-btw-argan-leather-magnolia-neroli-rose-talc-en-ylang-ylang","status":"publish","type":"product","link":"https:\/\/nailmist.com\/de\/assortiment\/nail-mist-display-1-e-25995-excl-btw-argan-leather-magnolia-neroli-rose-talc-en-ylang-ylang\/","title":{"rendered":"Nail Mist Display 1 Messe-Angebot 227,28 \u20ac zzgl. MwSt. &#8211; <span>Argan, Leather, Ambra, Neroli &#038; Rose, Talc en Ylang Ylang<\/span>"},"content":{"rendered":"","protected":false},"excerpt":{"rendered":"<p>M\u00f6chten Sie Nail Mist in Ihrem Salon verkaufen? In unseren Displays befinden sich 36 Nail Mist Parfums und 6 kostenlose Tester!<\/p>\n<p>Inhalt: 36 x 35 ml und 6 Tester.<\/p>\n<p>D\u00fcfte: Argan, Leather, Ambra, Neroli &amp; Rose, Talc und Ylang-Ylang<\/p>\n<p>Verkaufspreis einzelner Nail Mist im Salon = ab 14,95 \u20ac pro St\u00fcck<\/p>\n<p>Dieses Produkt eignet sich hervorragend zum Verkauf in jeder Art von Salon\/Gesch\u00e4ft. Das Display passt auf die Theke.<\/p>\n<p>Nachbestellungen k\u00f6nnen ab 6 einzelnen Nail Mist \u00fcber die E-Mail oder mit einem pers\u00f6nlichen Rabattcode im Webshop zum Einkaufspreis bestellt werden.<\/p>\n<p><strong data-start=\"56\" data-end=\"106\">Voraussichtlich lieferbar in Kalenderwoche 17.<\/strong><\/p>\n<p>&nbsp;<\/p>\n","protected":false},"featured_media":4361,"template":"","meta":[],"product_brand":[],"product_cat":[94],"product_tag":[],"class_list":{"0":"post-4253","1":"product","2":"type-product","3":"status-publish","4":"has-post-thumbnail","6":"product_cat-nail-mist-de","7":"product_shipping_class-display-de","9":"first","10":"instock","11":"sale","12":"taxable","13":"shipping-taxable","14":"purchasable","15":"product-type-simple"},"_links":{"self":[{"href":"https:\/\/nailmist.com\/de\/wp-json\/wp\/v2\/product\/4253","targetHints":{"allow":["GET"]}}],"collection":[{"href":"https:\/\/nailmist.com\/de\/wp-json\/wp\/v2\/product"}],"about":[{"href":"https:\/\/nailmist.com\/de\/wp-json\/wp\/v2\/types\/product"}],"wp:featuredmedia":[{"embeddable":true,"href":"https:\/\/nailmist.com\/de\/wp-json\/wp\/v2\/media\/4361"}],"wp:attachment":[{"href":"https:\/\/nailmist.com\/de\/wp-json\/wp\/v2\/media?parent=4253"}],"wp:term":[{"taxonomy":"product_brand","embeddable":true,"href":"https:\/\/nailmist.com\/de\/wp-json\/wp\/v2\/product_brand?post=4253"},{"taxonomy":"product_cat","embeddable":true,"href":"https:\/\/nailmist.com\/de\/wp-json\/wp\/v2\/product_cat?post=4253"},{"taxonomy":"product_tag","embeddable":true,"href":"https:\/\/nailmist.com\/de\/wp-json\/wp\/v2\/product_tag?post=4253"}],"curies":[{"name":"wp","href":"https:\/\/api.w.org\/{rel}","templated":true}]}}