{"id":4251,"date":"2023-12-19T20:53:03","date_gmt":"2023-12-19T19:53:03","guid":{"rendered":"https:\/\/nailmist.com\/assortiment\/nail-mist-set-sweety-fruit-pepper-fresia-ambra-floreal-en-fiori-darancio\/"},"modified":"2026-04-07T16:39:27","modified_gmt":"2026-04-07T14:39:27","slug":"nail-mist-set-sweety-fruit-pepper-fresia-ambra-floreal-en-fiori-darancio","status":"publish","type":"product","link":"https:\/\/nailmist.com\/de\/assortiment\/nail-mist-set-sweety-fruit-pepper-fresia-ambra-floreal-en-fiori-darancio\/","title":{"rendered":"Nail Mist Set- Messe Angebot <span>Sweety Fruit, Pepper, Fresia, Ambra, Floreal en Fiori D&#8217;Arancio<\/span>"},"content":{"rendered":"","protected":false},"excerpt":{"rendered":"<p>M\u00f6chtest du verschiedene Nail Mist D\u00fcfte ausprobieren? In diesem Vorteils-Paket sind 6 enthalten!<\/p>\n<p>Inhalt: 6x 35 ml<\/p>\n<p>Spr\u00fchen Sie die gew\u00fcnschte Menge auf H\u00e4nde und N\u00e4gel aus einer Entfernung von 30 cm. Probieren Sie es auch auf Kleidung, auf die Innenseite des Handgelenks, ohne zu reiben, und\/oder auf den Hals (beim Reiben wird die Haut erw\u00e4rmt, was die Verdampfung beschleunigt). Verwenden Sie insgesamt 4 oder 5 Spr\u00fchst\u00f6\u00dfe, verteilt auf Handgelenke, Kleidung und\/oder Hals.<\/p>\n<p><strong data-start=\"56\" data-end=\"106\">Voraussichtlich lieferbar in Kalenderwoche 17.<\/strong><\/p>\n","protected":false},"featured_media":4252,"template":"","meta":[],"product_brand":[],"product_cat":[94],"product_tag":[],"class_list":{"0":"post-4251","1":"product","2":"type-product","3":"status-publish","4":"has-post-thumbnail","6":"product_cat-nail-mist-de","8":"first","9":"onbackorder","10":"sale","11":"taxable","12":"shipping-taxable","13":"purchasable","14":"product-type-simple"},"_links":{"self":[{"href":"https:\/\/nailmist.com\/de\/wp-json\/wp\/v2\/product\/4251","targetHints":{"allow":["GET"]}}],"collection":[{"href":"https:\/\/nailmist.com\/de\/wp-json\/wp\/v2\/product"}],"about":[{"href":"https:\/\/nailmist.com\/de\/wp-json\/wp\/v2\/types\/product"}],"wp:featuredmedia":[{"embeddable":true,"href":"https:\/\/nailmist.com\/de\/wp-json\/wp\/v2\/media\/4252"}],"wp:attachment":[{"href":"https:\/\/nailmist.com\/de\/wp-json\/wp\/v2\/media?parent=4251"}],"wp:term":[{"taxonomy":"product_brand","embeddable":true,"href":"https:\/\/nailmist.com\/de\/wp-json\/wp\/v2\/product_brand?post=4251"},{"taxonomy":"product_cat","embeddable":true,"href":"https:\/\/nailmist.com\/de\/wp-json\/wp\/v2\/product_cat?post=4251"},{"taxonomy":"product_tag","embeddable":true,"href":"https:\/\/nailmist.com\/de\/wp-json\/wp\/v2\/product_tag?post=4251"}],"curies":[{"name":"wp","href":"https:\/\/api.w.org\/{rel}","templated":true}]}}