{"id":4245,"date":"2017-01-19T11:12:37","date_gmt":"2017-01-19T10:12:37","guid":{"rendered":"https:\/\/nailmist.com\/assortiment\/nail-mist-argan\/"},"modified":"2026-01-08T13:28:50","modified_gmt":"2026-01-08T12:28:50","slug":"nail-mist-argan","status":"publish","type":"product","link":"https:\/\/nailmist.com\/de\/assortiment\/nail-mist-argan\/","title":{"rendered":"Nail Mist &#8211; <span>Argan<\/span>"},"content":{"rendered":"","protected":false},"excerpt":{"rendered":"<p>Kopfnote: Pflaume, Zuckerwatte<br \/>\nHerznote: Makron, Orchidee<br \/>\nBasisnote: Vanille, Tonkabohne, Moschus<\/p>\n<p>Dufttyp: Sanft<br data-start=\"18\" data-end=\"21\" \/>Charakter: Pflegend, beruhigend<br data-start=\"56\" data-end=\"59\" \/>Dufterlebnis: Ein sanfter Duft mit einer warmen, leicht w\u00fcrzigen Note.<\/p>\n<p>Inhalt: 35 ml<\/p>\n<p>Spr\u00fchen Sie die gew\u00fcnschte Menge auf H\u00e4nde und N\u00e4gel aus einer Entfernung von 30 cm. Probieren Sie es auch auf Kleidung, auf die Innenseite des Handgelenks, ohne zu reiben, und\/oder auf den Hals (beim Reiben wird die Haut erw\u00e4rmt, was die Verdampfung beschleunigt). Verwenden Sie insgesamt 4 oder 5 Spr\u00fchst\u00f6\u00dfe, verteilt auf Handgelenke, Kleidung und\/oder Hals.<\/p>\n","protected":false},"featured_media":4247,"template":"","meta":[],"product_brand":[],"product_cat":[94],"product_tag":[],"class_list":{"0":"post-4245","1":"product","2":"type-product","3":"status-publish","4":"has-post-thumbnail","6":"product_cat-nail-mist-de","8":"first","9":"instock","10":"featured","11":"taxable","12":"shipping-taxable","13":"purchasable","14":"product-type-simple"},"_links":{"self":[{"href":"https:\/\/nailmist.com\/de\/wp-json\/wp\/v2\/product\/4245","targetHints":{"allow":["GET"]}}],"collection":[{"href":"https:\/\/nailmist.com\/de\/wp-json\/wp\/v2\/product"}],"about":[{"href":"https:\/\/nailmist.com\/de\/wp-json\/wp\/v2\/types\/product"}],"wp:featuredmedia":[{"embeddable":true,"href":"https:\/\/nailmist.com\/de\/wp-json\/wp\/v2\/media\/4247"}],"wp:attachment":[{"href":"https:\/\/nailmist.com\/de\/wp-json\/wp\/v2\/media?parent=4245"}],"wp:term":[{"taxonomy":"product_brand","embeddable":true,"href":"https:\/\/nailmist.com\/de\/wp-json\/wp\/v2\/product_brand?post=4245"},{"taxonomy":"product_cat","embeddable":true,"href":"https:\/\/nailmist.com\/de\/wp-json\/wp\/v2\/product_cat?post=4245"},{"taxonomy":"product_tag","embeddable":true,"href":"https:\/\/nailmist.com\/de\/wp-json\/wp\/v2\/product_tag?post=4245"}],"curies":[{"name":"wp","href":"https:\/\/api.w.org\/{rel}","templated":true}]}}