{"id":4232,"date":"2023-06-13T15:16:42","date_gmt":"2023-06-13T13:16:42","guid":{"rendered":"https:\/\/nailmist.com\/assortiment\/nail-mist-pepper\/"},"modified":"2026-01-08T13:09:04","modified_gmt":"2026-01-08T12:09:04","slug":"nail-mist-pepper","status":"publish","type":"product","link":"https:\/\/nailmist.com\/de\/assortiment\/nail-mist-pepper\/","title":{"rendered":"Nail Mist &#8211; <span>Pepper<\/span>"},"content":{"rendered":"","protected":false},"excerpt":{"rendered":"<p>Kopfnote: Weihrauch, Schwarzer Pfeffer<br \/>\nHerznote: Leder, Moschus, Labdanum<br \/>\nBasisnote: Patchouli, Zeder, Sandelholz<\/p>\n<p>Dufttyp: W\u00fcrzig &amp; modern<br data-start=\"28\" data-end=\"31\" \/>Charakter: W\u00fcrzig, mutig<br data-start=\"59\" data-end=\"62\" \/>Dufterlebnis: Ein hammamartiger Duft \u2013 \u00fcberraschend, mit einer eleganten Note und einem Hauch von Sch\u00e4rfe, f\u00fcr die selbstbewusste Frau. Auch sehr gut f\u00fcr M\u00e4nner geeignet.<\/p>\n<p>Inhalt: 35 ml<\/p>\n<p>Spr\u00fchen Sie die gew\u00fcnschte Menge auf H\u00e4nde und N\u00e4gel aus einer Entfernung von 30 cm. Probieren Sie es auch auf Kleidung, auf die Innenseite des Handgelenks, ohne zu reiben, und\/oder auf den Hals (beim Reiben wird die Haut erw\u00e4rmt, was die Verdampfung beschleunigt). Verwenden Sie insgesamt 4 oder 5 Spr\u00fchst\u00f6\u00dfe, verteilt auf Handgelenke, Kleidung und\/oder Hals.<\/p>\n","protected":false},"featured_media":4234,"template":"","meta":[],"product_brand":[],"product_cat":[94],"product_tag":[],"class_list":{"0":"post-4232","1":"product","2":"type-product","3":"status-publish","4":"has-post-thumbnail","6":"product_cat-nail-mist-de","8":"first","9":"instock","10":"featured","11":"taxable","12":"shipping-taxable","13":"purchasable","14":"product-type-simple"},"_links":{"self":[{"href":"https:\/\/nailmist.com\/de\/wp-json\/wp\/v2\/product\/4232","targetHints":{"allow":["GET"]}}],"collection":[{"href":"https:\/\/nailmist.com\/de\/wp-json\/wp\/v2\/product"}],"about":[{"href":"https:\/\/nailmist.com\/de\/wp-json\/wp\/v2\/types\/product"}],"wp:featuredmedia":[{"embeddable":true,"href":"https:\/\/nailmist.com\/de\/wp-json\/wp\/v2\/media\/4234"}],"wp:attachment":[{"href":"https:\/\/nailmist.com\/de\/wp-json\/wp\/v2\/media?parent=4232"}],"wp:term":[{"taxonomy":"product_brand","embeddable":true,"href":"https:\/\/nailmist.com\/de\/wp-json\/wp\/v2\/product_brand?post=4232"},{"taxonomy":"product_cat","embeddable":true,"href":"https:\/\/nailmist.com\/de\/wp-json\/wp\/v2\/product_cat?post=4232"},{"taxonomy":"product_tag","embeddable":true,"href":"https:\/\/nailmist.com\/de\/wp-json\/wp\/v2\/product_tag?post=4232"}],"curies":[{"name":"wp","href":"https:\/\/api.w.org\/{rel}","templated":true}]}}