{"id":4224,"date":"2023-06-15T11:04:11","date_gmt":"2023-06-15T09:04:11","guid":{"rendered":"https:\/\/nailmist.com\/assortiment\/nail-mist-fiori-darancio\/"},"modified":"2026-01-08T12:51:46","modified_gmt":"2026-01-08T11:51:46","slug":"nail-mist-fiori-darancio","status":"publish","type":"product","link":"https:\/\/nailmist.com\/de\/assortiment\/nail-mist-fiori-darancio\/","title":{"rendered":"Nail Mist &#8211; <span>Fiori D&#8217;Arancio<\/span>"},"content":{"rendered":"","protected":false},"excerpt":{"rendered":"<p>Kopfnote: Orangenbl\u00fcte<br \/>\nHerznote: Patchouli, Jasmin<br \/>\nBasisnote: Zedernholz, Honig<\/p>\n<p>Dufttyp: Blumig<br data-start=\"19\" data-end=\"22\" \/>Charakter: Intens, elegant, feminin<br data-start=\"61\" data-end=\"64\" \/>Dufterlebnis: Ein kraftvoller Duft von bitterer Orangenbl\u00fcte mit einer luxuri\u00f6sen, klassischen Ausstrahlung \u2013 sinnlich und stilvoll, erinnernd an die ikonische Signatur von Chanel. Nach dem ersten intensiven Eindruck entfaltet dieser Duft seinen wahren Charakter: warm, raffiniert und feminin \u2013 ein verborgenes Juwel, das sich langsam offenbart.<\/p>\n<p>Inhalt: 35 ml<\/p>\n<p>Spr\u00fchen Sie die gew\u00fcnschte Menge auf H\u00e4nde und N\u00e4gel aus einer Entfernung von 30 cm. Probieren Sie es auch auf Kleidung, auf die Innenseite des Handgelenks, ohne zu reiben, und\/oder auf den Hals (beim Reiben wird die Haut erw\u00e4rmt, was die Verdampfung beschleunigt). Verwenden Sie insgesamt 4 oder 5 Spr\u00fchst\u00f6\u00dfe, verteilt auf Handgelenke, Kleidung und\/oder Hals.<\/p>\n","protected":false},"featured_media":4225,"template":"","meta":[],"product_brand":[],"product_cat":[94],"product_tag":[],"class_list":{"0":"post-4224","1":"product","2":"type-product","3":"status-publish","4":"has-post-thumbnail","6":"product_cat-nail-mist-de","8":"first","9":"instock","10":"featured","11":"taxable","12":"shipping-taxable","13":"purchasable","14":"product-type-simple"},"_links":{"self":[{"href":"https:\/\/nailmist.com\/de\/wp-json\/wp\/v2\/product\/4224","targetHints":{"allow":["GET"]}}],"collection":[{"href":"https:\/\/nailmist.com\/de\/wp-json\/wp\/v2\/product"}],"about":[{"href":"https:\/\/nailmist.com\/de\/wp-json\/wp\/v2\/types\/product"}],"wp:featuredmedia":[{"embeddable":true,"href":"https:\/\/nailmist.com\/de\/wp-json\/wp\/v2\/media\/4225"}],"wp:attachment":[{"href":"https:\/\/nailmist.com\/de\/wp-json\/wp\/v2\/media?parent=4224"}],"wp:term":[{"taxonomy":"product_brand","embeddable":true,"href":"https:\/\/nailmist.com\/de\/wp-json\/wp\/v2\/product_brand?post=4224"},{"taxonomy":"product_cat","embeddable":true,"href":"https:\/\/nailmist.com\/de\/wp-json\/wp\/v2\/product_cat?post=4224"},{"taxonomy":"product_tag","embeddable":true,"href":"https:\/\/nailmist.com\/de\/wp-json\/wp\/v2\/product_tag?post=4224"}],"curies":[{"name":"wp","href":"https:\/\/api.w.org\/{rel}","templated":true}]}}