{"id":4268,"date":"2023-11-02T14:58:56","date_gmt":"2023-11-02T13:58:56","guid":{"rendered":"https:\/\/nailmist.com\/ruilen-en-retourneren\/"},"modified":"2024-10-28T09:48:58","modified_gmt":"2024-10-28T08:48:58","slug":"umtausch-und-rueckgabe","status":"publish","type":"page","link":"https:\/\/nailmist.com\/de\/umtausch-und-rueckgabe\/","title":{"rendered":"Umtausch und R\u00fcckgabe"},"content":{"rendered":"<div class=\"wpb-content-wrapper\"><p>[vc_row type=&#8220;boxed&#8220; background_style=&#8220;normal&#8220; css=&#8220;.vc_custom_1487365316112{margin-top: 75px !important;padding-right: 50px !important;padding-left: 50px !important;}&#8220;][vc_column][vc_row_inner css=&#8220;.vc_custom_1410358939666{margin-bottom: 20px !important;}&#8220;][vc_column_inner css=&#8220;.vc_custom_1443415906747{padding-right: 5% !important;padding-left: 10px !important;}&#8220;][vc_column_text]<\/p>\n<h1><strong>Umtausch und R\u00fcckgabe<\/strong><\/h1>\n<p>Bestellungen k\u00f6nnen bis zu 14 Tage nach Erhalt ohne Angabe von Gr\u00fcnden zur\u00fcckgemeldet werden. Wir erstatten den Bestellbetrag innerhalb von 14 Tagen nach der R\u00fcckmeldung deiner R\u00fccksendung, sofern das Produkt unbenutzt und in der Originalverpackung ist.<\/p>\n<p><strong>Du kannst deine Bestellung zur\u00fccksenden an\u00a0<\/strong><br \/>\nNail Mist<br \/>\nMeester Cornelisstraat 26<br \/>\n2023DH Haarlem<br \/>\nDie Niederlande[\/vc_column_text][\/vc_column_inner][\/vc_row_inner][\/vc_column][\/vc_row]<\/p>\n<\/div>","protected":false},"excerpt":{"rendered":"<p>[vc_row type=&#8220;boxed&#8220; background_style=&#8220;normal&#8220; css=&#8220;.vc_custom_1487365316112{margin-top: 75px !important;padding-right: 50px !important;padding-left: 50px !important;}&#8220;][vc_column][vc_row_inner css=&#8220;.vc_custom_1410358939666{margin-bottom: 20px !important;}&#8220;][vc_column_inner css=&#8220;.vc_custom_1443415906747{padding-right: 5% !important;padding-left: 10px !important;}&#8220;][vc_column_text] Umtausch und R\u00fcckgabe Bestellungen k\u00f6nnen bis zu 14 Tage nach Erhalt ohne Angabe von Gr\u00fcnden zur\u00fcckgemeldet werden. Wir erstatten den Bestellbetrag innerhalb von 14 Tagen nach der R\u00fcckmeldung deiner R\u00fccksendung, sofern das Produkt unbenutzt und in der [&hellip;]<\/p>\n","protected":false},"author":1,"featured_media":0,"parent":0,"menu_order":36,"comment_status":"closed","ping_status":"closed","template":"page-boxed.php","meta":{"footnotes":""},"class_list":["post-4268","page","type-page","status-publish","hentry"],"_links":{"self":[{"href":"https:\/\/nailmist.com\/de\/wp-json\/wp\/v2\/pages\/4268","targetHints":{"allow":["GET"]}}],"collection":[{"href":"https:\/\/nailmist.com\/de\/wp-json\/wp\/v2\/pages"}],"about":[{"href":"https:\/\/nailmist.com\/de\/wp-json\/wp\/v2\/types\/page"}],"author":[{"embeddable":true,"href":"https:\/\/nailmist.com\/de\/wp-json\/wp\/v2\/users\/1"}],"replies":[{"embeddable":true,"href":"https:\/\/nailmist.com\/de\/wp-json\/wp\/v2\/comments?post=4268"}],"version-history":[{"count":1,"href":"https:\/\/nailmist.com\/de\/wp-json\/wp\/v2\/pages\/4268\/revisions"}],"predecessor-version":[{"id":4335,"href":"https:\/\/nailmist.com\/de\/wp-json\/wp\/v2\/pages\/4268\/revisions\/4335"}],"wp:attachment":[{"href":"https:\/\/nailmist.com\/de\/wp-json\/wp\/v2\/media?parent=4268"}],"curies":[{"name":"wp","href":"https:\/\/api.w.org\/{rel}","templated":true}]}}